{"id":43,"date":"2017-08-01T06:10:03","date_gmt":"2017-08-01T04:10:03","guid":{"rendered":"https:\/\/djadelpeluqueria.es\/about\/"},"modified":"2023-10-02T15:42:32","modified_gmt":"2023-10-02T13:42:32","slug":"acerca-de","status":"publish","type":"page","link":"https:\/\/djadelpeluqueria.es\/en\/about-from\/","title":{"rendered":"About"},"content":{"rendered":"<div data-elementor-type=\"wp-post\" data-elementor-id=\"43\" class=\"elementor elementor-43\" data-elementor-post-type=\"page\">\n\t\t\t\t\t\t<section class=\"elementor-section elementor-top-section elementor-element elementor-element-61aaa95f elementor-section-boxed elementor-section-height-default elementor-section-height-default\" data-id=\"61aaa95f\" data-element_type=\"section\" data-e-type=\"section\" data-settings=\"{&quot;background_background&quot;:&quot;classic&quot;,&quot;shape_divider_bottom&quot;:&quot;waves&quot;}\">\n\t\t\t\t\t\t\t<div class=\"elementor-background-overlay\"><\/div>\n\t\t\t\t\t\t<div class=\"elementor-shape elementor-shape-bottom\" aria-hidden=\"true\" data-negative=\"false\">\n\t\t\t<svg xmlns=\"http:\/\/www.w3.org\/2000\/svg\" viewbox=\"0 0 1000 100\" preserveaspectratio=\"none\">\n\t<path class=\"elementor-shape-fill\" d=\"M421.9,6.5c22.6-2.5,51.5,0.4,75.5,5.3c23.6,4.9,70.9,23.5,100.5,35.7c75.8,32.2,133.7,44.5,192.6,49.7\tc23.6,2.1,48.7,3.5,103.4-2.5c54.7-6,106.2-25.6,106.2-25.6V0H0v30.3c0,0,72,32.6,158.4,30.5c39.2-0.7,92.8-6.7,134-22.4\tc21.2-8.1,52.2-18.2,79.7-24.2C399.3,7.9,411.6,7.5,421.9,6.5z\"\/>\n<\/svg>\t\t<\/div>\n\t\t\t\t\t<div class=\"elementor-container elementor-column-gap-default\">\n\t\t\t\t\t<div class=\"elementor-column elementor-col-100 elementor-top-column elementor-element elementor-element-157f6c08\" data-id=\"157f6c08\" data-element_type=\"column\" data-e-type=\"column\">\n\t\t\t<div class=\"elementor-widget-wrap elementor-element-populated\">\n\t\t\t\t\t\t<div class=\"elementor-element elementor-element-77fa128f elementor-widget elementor-widget-heading\" data-id=\"77fa128f\" data-element_type=\"widget\" data-e-type=\"widget\" data-widget_type=\"heading.default\">\n\t\t\t\t<div class=\"elementor-widget-container\">\n\t\t\t\t\t<h1 class=\"elementor-heading-title elementor-size-default\">About<\/h1>\t\t\t\t<\/div>\n\t\t\t\t<\/div>\n\t\t\t\t\t<\/div>\n\t\t<\/div>\n\t\t\t\t\t<\/div>\n\t\t<\/section>\n\t\t\t\t<section class=\"elementor-section elementor-top-section elementor-element elementor-element-142efe04 elementor-section-boxed elementor-section-height-default elementor-section-height-default\" data-id=\"142efe04\" data-element_type=\"section\" data-e-type=\"section\" data-settings=\"{&quot;background_background&quot;:&quot;classic&quot;}\">\n\t\t\t\t\t\t<div class=\"elementor-container elementor-column-gap-no\">\n\t\t\t\t\t<div class=\"elementor-column elementor-col-50 elementor-top-column elementor-element elementor-element-7244c7ba\" data-id=\"7244c7ba\" data-element_type=\"column\" data-e-type=\"column\">\n\t\t\t<div class=\"elementor-widget-wrap elementor-element-populated\">\n\t\t\t\t\t\t<div class=\"elementor-element elementor-element-69305133 elementor-widget elementor-widget-image\" data-id=\"69305133\" data-element_type=\"widget\" data-e-type=\"widget\" data-widget_type=\"image.default\">\n\t\t\t\t<div class=\"elementor-widget-container\">\n\t\t\t\t\t\t\t\t\t\t\t\t\t\t\t<img fetchpriority=\"high\" decoding=\"async\" width=\"485\" height=\"1024\" src=\"https:\/\/djadelpeluqueria.es\/wp-content\/uploads\/2023\/10\/nfiv7884-3867-84-1-485x1024.jpg\" class=\"attachment-large size-large wp-image-1593\" alt=\"\" srcset=\"https:\/\/djadelpeluqueria.es\/wp-content\/uploads\/2023\/10\/nfiv7884-3867-84-1-485x1024.jpg 485w, https:\/\/djadelpeluqueria.es\/wp-content\/uploads\/2023\/10\/nfiv7884-3867-84-1-142x300.jpg 142w, https:\/\/djadelpeluqueria.es\/wp-content\/uploads\/2023\/10\/nfiv7884-3867-84-1-768x1623.jpg 768w, https:\/\/djadelpeluqueria.es\/wp-content\/uploads\/2023\/10\/nfiv7884-3867-84-1-727x1536.jpg 727w, https:\/\/djadelpeluqueria.es\/wp-content\/uploads\/2023\/10\/nfiv7884-3867-84-1.jpg 954w\" sizes=\"(max-width: 485px) 100vw, 485px\" \/>\t\t\t\t\t\t\t\t\t\t\t\t\t\t\t<\/div>\n\t\t\t\t<\/div>\n\t\t\t\t\t<\/div>\n\t\t<\/div>\n\t\t\t\t<div class=\"elementor-column elementor-col-50 elementor-top-column elementor-element elementor-element-6ebffc6c\" data-id=\"6ebffc6c\" data-element_type=\"column\" data-e-type=\"column\">\n\t\t\t<div class=\"elementor-widget-wrap elementor-element-populated\">\n\t\t\t\t\t\t<div class=\"elementor-element elementor-element-5e17c201 elementor-widget elementor-widget-heading\" data-id=\"5e17c201\" data-element_type=\"widget\" data-e-type=\"widget\" data-widget_type=\"heading.default\">\n\t\t\t\t<div class=\"elementor-widget-container\">\n\t\t\t\t\t<h2 class=\"elementor-heading-title elementor-size-default\">Djadel Hairdressing<\/h2>\t\t\t\t<\/div>\n\t\t\t\t<\/div>\n\t\t\t\t<div class=\"elementor-element elementor-element-3d1bdd74 elementor-widget elementor-widget-heading\" data-id=\"3d1bdd74\" data-element_type=\"widget\" data-e-type=\"widget\" data-widget_type=\"heading.default\">\n\t\t\t\t<div class=\"elementor-widget-container\">\n\t\t\t\t\t<h5 class=\"elementor-heading-title elementor-size-default\">At Djadel, we believe that your hair is a unique expression of your personality, and we are here to help you enhance your natural beauty and confidence.<\/h5>\t\t\t\t<\/div>\n\t\t\t\t<\/div>\n\t\t\t\t<div class=\"elementor-element elementor-element-18f38408 elementor-widget elementor-widget-text-editor\" data-id=\"18f38408\" data-element_type=\"widget\" data-e-type=\"widget\" data-widget_type=\"text-editor.default\">\n\t\t\t\t<div class=\"elementor-widget-container\">\n\t\t\t\t\t\t\t\t\t<p>Our team of expert stylists and colourists are dedicated to providing you with high quality hairdressing services that are tailored to your individual needs. Whether you want a fashionable haircut, a bold colour change, a stylish hairstyle for a special occasion or a relaxing hair care experience, we are here to make it happen.<\/p><p>At Djadel Peluquer\u00eda, we not only focus on aesthetics, but also on the health of your hair. We use top quality products that nourish and strengthen your hair, ensuring you look gorgeous and healthy at all times. Our passion for beauty and wellness is reflected in every detail, from the relaxing atmosphere of our salon to the personalised attention you will receive.<\/p><p>In addition to our hairdressing services, we also offer a range of beauty treatments that will make you feel and look spectacular. From manicures and pedicures to rejuvenating facials, we are committed to taking care of you from head to toe.<\/p><p>At Djadel Peluquer\u00eda, customer satisfaction is our priority. We work tirelessly to exceed your expectations and provide you with exceptional results. Every visit to our salon is a unique and pleasurable experience, designed to make you feel refreshed and beautiful.<\/p>\t\t\t\t\t\t\t\t<\/div>\n\t\t\t\t<\/div>\n\t\t\t\t\t<\/div>\n\t\t<\/div>\n\t\t\t\t\t<\/div>\n\t\t<\/section>\n\t\t\t\t<\/div>","protected":false},"excerpt":{"rendered":"<p>Acerca de Djadel Peluquer\u00eda En Djadel, creemos que tu cabello es una expresi\u00f3n \u00fanica de tu personalidad, y estamos aqu\u00ed para ayudarte a realzar tu belleza natural y confianza. Nuestro equipo de expertos estilistas y coloristas est\u00e1 dedicado a brindarte servicios de peluquer\u00eda de alta calidad que se adaptan a tus necesidades individuales. Ya sea [&hellip;]<\/p>\n","protected":false},"author":1,"featured_media":0,"parent":0,"menu_order":0,"comment_status":"closed","ping_status":"closed","template":"","meta":{"site-sidebar-layout":"no-sidebar","site-content-layout":"page-builder","ast-site-content-layout":"default","site-content-style":"default","site-sidebar-style":"default","ast-global-header-display":"","ast-banner-title-visibility":"","ast-main-header-display":"","ast-hfb-above-header-display":"","ast-hfb-below-header-display":"","ast-hfb-mobile-header-display":"","site-post-title":"disabled","ast-breadcrumbs-content":"","ast-featured-img":"disabled","footer-sml-layout":"","ast-disable-related-posts":"","theme-transparent-header-meta":"enabled","adv-header-id-meta":"","stick-header-meta":"","header-above-stick-meta":"","header-main-stick-meta":"","header-below-stick-meta":"","astra-migrate-meta-layouts":"default","ast-page-background-enabled":"default","ast-page-background-meta":{"desktop":{"background-color":"","background-image":"","background-repeat":"repeat","background-position":"center center","background-size":"auto","background-attachment":"scroll","background-type":"","background-media":"","overlay-type":"","overlay-color":"","overlay-opacity":"","overlay-gradient":""},"tablet":{"background-color":"","background-image":"","background-repeat":"repeat","background-position":"center center","background-size":"auto","background-attachment":"scroll","background-type":"","background-media":"","overlay-type":"","overlay-color":"","overlay-opacity":"","overlay-gradient":""},"mobile":{"background-color":"","background-image":"","background-repeat":"repeat","background-position":"center center","background-size":"auto","background-attachment":"scroll","background-type":"","background-media":"","overlay-type":"","overlay-color":"","overlay-opacity":"","overlay-gradient":""}},"ast-content-background-meta":{"desktop":{"background-color":"var(--ast-global-color-5)","background-image":"","background-repeat":"repeat","background-position":"center center","background-size":"auto","background-attachment":"scroll","background-type":"","background-media":"","overlay-type":"","overlay-color":"","overlay-opacity":"","overlay-gradient":""},"tablet":{"background-color":"var(--ast-global-color-5)","background-image":"","background-repeat":"repeat","background-position":"center center","background-size":"auto","background-attachment":"scroll","background-type":"","background-media":"","overlay-type":"","overlay-color":"","overlay-opacity":"","overlay-gradient":""},"mobile":{"background-color":"var(--ast-global-color-5)","background-image":"","background-repeat":"repeat","background-position":"center center","background-size":"auto","background-attachment":"scroll","background-type":"","background-media":"","overlay-type":"","overlay-color":"","overlay-opacity":"","overlay-gradient":""}},"footnotes":""},"class_list":["post-43","page","type-page","status-publish","hentry"],"_links":{"self":[{"href":"https:\/\/djadelpeluqueria.es\/en\/wp-json\/wp\/v2\/pages\/43","targetHints":{"allow":["GET"]}}],"collection":[{"href":"https:\/\/djadelpeluqueria.es\/en\/wp-json\/wp\/v2\/pages"}],"about":[{"href":"https:\/\/djadelpeluqueria.es\/en\/wp-json\/wp\/v2\/types\/page"}],"author":[{"embeddable":true,"href":"https:\/\/djadelpeluqueria.es\/en\/wp-json\/wp\/v2\/users\/1"}],"replies":[{"embeddable":true,"href":"https:\/\/djadelpeluqueria.es\/en\/wp-json\/wp\/v2\/comments?post=43"}],"version-history":[{"count":17,"href":"https:\/\/djadelpeluqueria.es\/en\/wp-json\/wp\/v2\/pages\/43\/revisions"}],"predecessor-version":[{"id":1612,"href":"https:\/\/djadelpeluqueria.es\/en\/wp-json\/wp\/v2\/pages\/43\/revisions\/1612"}],"wp:attachment":[{"href":"https:\/\/djadelpeluqueria.es\/en\/wp-json\/wp\/v2\/media?parent=43"}],"curies":[{"name":"wp","href":"https:\/\/api.w.org\/{rel}","templated":true}]}}